{"id":1660,"date":"2022-06-06T01:24:42","date_gmt":"2022-06-06T07:24:42","guid":{"rendered":"http:\/\/webservicesgt.com\/?page_id=1660"},"modified":"2024-08-30T10:37:16","modified_gmt":"2024-08-30T16:37:16","slug":"mario-lopez-perez","status":"publish","type":"page","link":"https:\/\/grupoonyx.com.gt\/en\/mario-lopez-perez\/","title":{"rendered":"Mario L\u00f3pez P\u00e9rez"},"content":{"rendered":"\t\t<div data-elementor-type=\"wp-page\" data-elementor-id=\"1660\" class=\"elementor elementor-1660\" data-elementor-post-type=\"page\">\n\t\t\t\t\t\t<section class=\"elementor-section elementor-top-section elementor-element elementor-element-b2aaab2 elementor-section-boxed elementor-section-height-default elementor-section-height-default\" data-id=\"b2aaab2\" data-element_type=\"section\" data-settings=\"{&quot;background_background&quot;:&quot;classic&quot;,&quot;jet_parallax_layout_list&quot;:[],&quot;shape_divider_top&quot;:&quot;triangle-asymmetrical&quot;}\">\n\t\t\t\t\t<div class=\"elementor-shape elementor-shape-top\" aria-hidden=\"true\" data-negative=\"false\">\n\t\t\t<svg xmlns=\"http:\/\/www.w3.org\/2000\/svg\" viewBox=\"0 0 1000 100\" preserveAspectRatio=\"none\">\n\t<path class=\"elementor-shape-fill\" d=\"M738,99l262-93V0H0v5.6L738,99z\"\/>\n<\/svg>\t\t<\/div>\n\t\t\t\t\t<div class=\"elementor-container elementor-column-gap-no\">\n\t\t\t\t\t<div class=\"elementor-column elementor-col-100 elementor-top-column elementor-element elementor-element-3f78b9f elementor-invisible\" data-id=\"3f78b9f\" data-element_type=\"column\" data-settings=\"{&quot;background_background&quot;:&quot;classic&quot;,&quot;animation&quot;:&quot;fadeInUp&quot;}\">\n\t\t\t<div class=\"elementor-widget-wrap elementor-element-populated\">\n\t\t\t\t\t\t<section class=\"elementor-section elementor-inner-section elementor-element elementor-element-23f3d55 elementor-section-full_width elementor-section-content-middle elementor-section-height-default elementor-section-height-default\" data-id=\"23f3d55\" data-element_type=\"section\" data-settings=\"{&quot;jet_parallax_layout_list&quot;:[]}\">\n\t\t\t\t\t\t<div class=\"elementor-container elementor-column-gap-no\">\n\t\t\t\t\t<div class=\"elementor-column elementor-col-50 elementor-inner-column elementor-element elementor-element-86ce113\" data-id=\"86ce113\" data-element_type=\"column\">\n\t\t\t<div class=\"elementor-widget-wrap elementor-element-populated\">\n\t\t\t\t\t\t<div class=\"elementor-element elementor-element-759f13a elementor-widget elementor-widget-heading\" data-id=\"759f13a\" data-element_type=\"widget\" data-widget_type=\"heading.default\">\n\t\t\t\t<div class=\"elementor-widget-container\">\n\t\t\t\t\t<h1 class=\"elementor-heading-title elementor-size-default\">Mario L\u00f3pez P\u00e9rez<\/h1>\t\t\t\t<\/div>\n\t\t\t\t<\/div>\n\t\t\t\t<div class=\"elementor-element elementor-element-081ba7f elementor-widget elementor-widget-text-editor\" data-id=\"081ba7f\" data-element_type=\"widget\" data-widget_type=\"text-editor.default\">\n\t\t\t\t<div class=\"elementor-widget-container\">\n\t\t\t\t\t\t\t\t\t<p>President and CEO of Grupo Onyx<\/p>\t\t\t\t\t\t\t\t<\/div>\n\t\t\t\t<\/div>\n\t\t\t\t\t<\/div>\n\t\t<\/div>\n\t\t\t\t<div class=\"elementor-column elementor-col-50 elementor-inner-column elementor-element elementor-element-6b7c422\" data-id=\"6b7c422\" data-element_type=\"column\">\n\t\t\t<div class=\"elementor-widget-wrap elementor-element-populated\">\n\t\t\t\t\t\t<div class=\"elementor-element elementor-element-04c114c elementor-widget elementor-widget-image\" data-id=\"04c114c\" data-element_type=\"widget\" data-widget_type=\"image.default\">\n\t\t\t\t<div class=\"elementor-widget-container\">\n\t\t\t\t\t\t\t\t\t\t\t\t\t\t\t<img fetchpriority=\"high\" decoding=\"async\" width=\"1024\" height=\"682\" src=\"https:\/\/grupoonyx.com.gt\/wp-content\/uploads\/2022\/05\/46874663-cb31-4d25-ac3c-ae91640c4c52.jpg\" class=\"attachment-full size-full wp-image-1195\" alt=\"\" srcset=\"https:\/\/grupoonyx.com.gt\/wp-content\/uploads\/2022\/05\/46874663-cb31-4d25-ac3c-ae91640c4c52.jpg 1024w, https:\/\/grupoonyx.com.gt\/wp-content\/uploads\/2022\/05\/46874663-cb31-4d25-ac3c-ae91640c4c52-300x200.jpg 300w, https:\/\/grupoonyx.com.gt\/wp-content\/uploads\/2022\/05\/46874663-cb31-4d25-ac3c-ae91640c4c52-768x512.jpg 768w\" sizes=\"(max-width: 1024px) 100vw, 1024px\" \/>\t\t\t\t\t\t\t\t\t\t\t\t\t\t\t<\/div>\n\t\t\t\t<\/div>\n\t\t\t\t\t<\/div>\n\t\t<\/div>\n\t\t\t\t\t<\/div>\n\t\t<\/section>\n\t\t\t\t\t<\/div>\n\t\t<\/div>\n\t\t\t\t\t<\/div>\n\t\t<\/section>\n\t\t\t\t<section class=\"elementor-section elementor-top-section elementor-element elementor-element-07b8e43 elementor-section-content-middle elementor-section-boxed elementor-section-height-default elementor-section-height-default\" data-id=\"07b8e43\" data-element_type=\"section\" data-settings=\"{&quot;jet_parallax_layout_list&quot;:[],&quot;background_background&quot;:&quot;classic&quot;}\">\n\t\t\t\t\t\t<div class=\"elementor-container elementor-column-gap-no\">\n\t\t\t\t\t<div class=\"elementor-column elementor-col-100 elementor-top-column elementor-element elementor-element-95c6531\" data-id=\"95c6531\" data-element_type=\"column\">\n\t\t\t<div class=\"elementor-widget-wrap elementor-element-populated\">\n\t\t\t\t\t\t<section class=\"elementor-section elementor-inner-section elementor-element elementor-element-8e933c3 elementor-section-boxed elementor-section-height-default elementor-section-height-default\" data-id=\"8e933c3\" data-element_type=\"section\" data-settings=\"{&quot;jet_parallax_layout_list&quot;:[]}\">\n\t\t\t\t\t\t<div class=\"elementor-container elementor-column-gap-default\">\n\t\t\t\t\t<div class=\"elementor-column elementor-col-100 elementor-inner-column elementor-element elementor-element-0426523\" data-id=\"0426523\" data-element_type=\"column\">\n\t\t\t<div class=\"elementor-widget-wrap elementor-element-populated\">\n\t\t\t\t\t\t<div class=\"elementor-element elementor-element-df4684a elementor-widget elementor-widget-text-editor\" data-id=\"df4684a\" data-element_type=\"widget\" data-widget_type=\"text-editor.default\">\n\t\t\t\t<div class=\"elementor-widget-container\">\n\t\t\t\t\t\t\t\t\t<p>Mario L\u00f3pez P\u00e9rez is a Guatemalan entrepreneur and philanthropist. He is the president and CEO of Grupo Onyx, a family business founded by his father Mario L\u00f3pez Estrada in 1967. The business group has a diversified portfolio of direct investments in renewable energy generation, distribution of consumer products, digital services, and commercial and industrial real estate development in Guatemala and Paraguay. Mr. L\u00f3pez P\u00e9rez is also part of the investment committee of the family&#8217;s liquid portfolio.<\/p>\t\t\t\t\t\t\t\t<\/div>\n\t\t\t\t<\/div>\n\t\t\t\t\t<\/div>\n\t\t<\/div>\n\t\t\t\t\t<\/div>\n\t\t<\/section>\n\t\t\t\t<section class=\"elementor-section elementor-inner-section elementor-element elementor-element-fe02f04 elementor-section-boxed elementor-section-height-default elementor-section-height-default\" data-id=\"fe02f04\" data-element_type=\"section\" data-settings=\"{&quot;jet_parallax_layout_list&quot;:[]}\">\n\t\t\t\t\t\t<div class=\"elementor-container elementor-column-gap-default\">\n\t\t\t\t\t<div class=\"elementor-column elementor-col-100 elementor-inner-column elementor-element elementor-element-de0e41f\" data-id=\"de0e41f\" data-element_type=\"column\">\n\t\t\t<div class=\"elementor-widget-wrap elementor-element-populated\">\n\t\t\t\t\t\t<div class=\"elementor-element elementor-element-2073a60 elementor-widget elementor-widget-image\" data-id=\"2073a60\" data-element_type=\"widget\" data-widget_type=\"image.default\">\n\t\t\t\t<div class=\"elementor-widget-container\">\n\t\t\t\t\t\t\t\t\t\t\t\t\t\t\t<img decoding=\"async\" width=\"800\" height=\"534\" src=\"https:\/\/grupoonyx.com.gt\/wp-content\/uploads\/2022\/08\/IMG_2331-1024x683.jpg\" class=\"attachment-large size-large wp-image-2831\" alt=\"\" srcset=\"https:\/\/grupoonyx.com.gt\/wp-content\/uploads\/2022\/08\/IMG_2331-1024x683.jpg 1024w, https:\/\/grupoonyx.com.gt\/wp-content\/uploads\/2022\/08\/IMG_2331-300x200.jpg 300w, https:\/\/grupoonyx.com.gt\/wp-content\/uploads\/2022\/08\/IMG_2331-768x512.jpg 768w, https:\/\/grupoonyx.com.gt\/wp-content\/uploads\/2022\/08\/IMG_2331-1536x1024.jpg 1536w, https:\/\/grupoonyx.com.gt\/wp-content\/uploads\/2022\/08\/IMG_2331-2048x1365.jpg 2048w\" sizes=\"(max-width: 800px) 100vw, 800px\" \/>\t\t\t\t\t\t\t\t\t\t\t\t\t\t\t<\/div>\n\t\t\t\t<\/div>\n\t\t\t\t\t<\/div>\n\t\t<\/div>\n\t\t\t\t\t<\/div>\n\t\t<\/section>\n\t\t\t\t<section class=\"elementor-section elementor-inner-section elementor-element elementor-element-eeca7c2 elementor-section-boxed elementor-section-height-default elementor-section-height-default\" data-id=\"eeca7c2\" data-element_type=\"section\" data-settings=\"{&quot;jet_parallax_layout_list&quot;:[]}\">\n\t\t\t\t\t\t<div class=\"elementor-container elementor-column-gap-default\">\n\t\t\t\t\t<div class=\"elementor-column elementor-col-100 elementor-inner-column elementor-element elementor-element-c63a801\" data-id=\"c63a801\" data-element_type=\"column\">\n\t\t\t<div class=\"elementor-widget-wrap elementor-element-populated\">\n\t\t\t\t\t\t<div class=\"elementor-element elementor-element-f85bbfa elementor-widget elementor-widget-text-editor\" data-id=\"f85bbfa\" data-element_type=\"widget\" data-widget_type=\"text-editor.default\">\n\t\t\t\t<div class=\"elementor-widget-container\">\n\t\t\t\t\t\t\t\t\t<p>Mr. L\u00f3pez P\u00e9rez is committed to the social development of Guatemala and is a founding partner of the Mario L\u00f3pez Estrada Foundation, which seeks to improve the quality of life for Guatemalans, create development opportunities for communities in the rural areas of the country, and stem flows of illegal migration. Grupo Onyx and its affiliated Foundations have invested more than $50 million to date, including in health, education, transparency, and women&#8217;s empowerment programs. Working in close collaboration with U.S. and global government agencies and with non-profit organizations, the affiliated Foundations have implemented a number of projects to provide internet access and computer equipment, expand education and training opportunities, improve health and nutrition, and promote small business development.<\/p><p>Mr. L\u00f3pez P\u00e9rez has a degree in Civil Engineering from the Universidad del Valle de Guatemala.<\/p><p>\u00a0<\/p>\t\t\t\t\t\t\t\t<\/div>\n\t\t\t\t<\/div>\n\t\t\t\t\t<\/div>\n\t\t<\/div>\n\t\t\t\t\t<\/div>\n\t\t<\/section>\n\t\t\t\t<section class=\"elementor-section elementor-inner-section elementor-element elementor-element-064cd27 elementor-section-boxed elementor-section-height-default elementor-section-height-default\" data-id=\"064cd27\" data-element_type=\"section\" data-settings=\"{&quot;jet_parallax_layout_list&quot;:[]}\">\n\t\t\t\t\t\t<div class=\"elementor-container elementor-column-gap-default\">\n\t\t\t\t\t<div class=\"elementor-column elementor-col-100 elementor-inner-column elementor-element elementor-element-5d5f5b4\" data-id=\"5d5f5b4\" data-element_type=\"column\">\n\t\t\t<div class=\"elementor-widget-wrap elementor-element-populated\">\n\t\t\t\t\t\t<div class=\"elementor-element elementor-element-1b065e8 elementor-widget elementor-widget-image\" data-id=\"1b065e8\" data-element_type=\"widget\" data-widget_type=\"image.default\">\n\t\t\t\t<div class=\"elementor-widget-container\">\n\t\t\t\t\t\t\t\t\t\t\t\t\t\t\t<img decoding=\"async\" width=\"800\" height=\"534\" src=\"https:\/\/grupoonyx.com.gt\/wp-content\/uploads\/2022\/08\/DSC_8198-1024x684.jpg\" class=\"attachment-large size-large wp-image-2828\" alt=\"\" srcset=\"https:\/\/grupoonyx.com.gt\/wp-content\/uploads\/2022\/08\/DSC_8198-1024x684.jpg 1024w, https:\/\/grupoonyx.com.gt\/wp-content\/uploads\/2022\/08\/DSC_8198-300x200.jpg 300w, https:\/\/grupoonyx.com.gt\/wp-content\/uploads\/2022\/08\/DSC_8198-768x513.jpg 768w, https:\/\/grupoonyx.com.gt\/wp-content\/uploads\/2022\/08\/DSC_8198-1536x1026.jpg 1536w, https:\/\/grupoonyx.com.gt\/wp-content\/uploads\/2022\/08\/DSC_8198-2048x1367.jpg 2048w\" sizes=\"(max-width: 800px) 100vw, 800px\" \/>\t\t\t\t\t\t\t\t\t\t\t\t\t\t\t<\/div>\n\t\t\t\t<\/div>\n\t\t\t\t\t<\/div>\n\t\t<\/div>\n\t\t\t\t\t<\/div>\n\t\t<\/section>\n\t\t\t\t\t<\/div>\n\t\t<\/div>\n\t\t\t\t\t<\/div>\n\t\t<\/section>\n\t\t\t\t<\/div>\n\t\t","protected":false},"excerpt":{"rendered":"<p>Mario L\u00f3pez P\u00e9rez President and CEO of Grupo Onyx Mario L\u00f3pez P\u00e9rez is a Guatemalan entrepreneur and philanthropist. He is the president and CEO of Grupo Onyx, a family business founded by his father Mario L\u00f3pez Estrada in 1967. The business group has a diversified portfolio of direct investments in renewable energy generation, distribution of [&hellip;]<\/p>\n","protected":false},"author":3,"featured_media":0,"parent":0,"menu_order":2,"comment_status":"closed","ping_status":"closed","template":"","meta":{"_acf_changed":false,"footnotes":""},"class_list":["post-1660","page","type-page","status-publish","hentry"],"acf":[],"_links":{"self":[{"href":"https:\/\/grupoonyx.com.gt\/en\/wp-json\/wp\/v2\/pages\/1660","targetHints":{"allow":["GET"]}}],"collection":[{"href":"https:\/\/grupoonyx.com.gt\/en\/wp-json\/wp\/v2\/pages"}],"about":[{"href":"https:\/\/grupoonyx.com.gt\/en\/wp-json\/wp\/v2\/types\/page"}],"author":[{"embeddable":true,"href":"https:\/\/grupoonyx.com.gt\/en\/wp-json\/wp\/v2\/users\/3"}],"replies":[{"embeddable":true,"href":"https:\/\/grupoonyx.com.gt\/en\/wp-json\/wp\/v2\/comments?post=1660"}],"version-history":[{"count":34,"href":"https:\/\/grupoonyx.com.gt\/en\/wp-json\/wp\/v2\/pages\/1660\/revisions"}],"predecessor-version":[{"id":6844,"href":"https:\/\/grupoonyx.com.gt\/en\/wp-json\/wp\/v2\/pages\/1660\/revisions\/6844"}],"wp:attachment":[{"href":"https:\/\/grupoonyx.com.gt\/en\/wp-json\/wp\/v2\/media?parent=1660"}],"curies":[{"name":"wp","href":"https:\/\/api.w.org\/{rel}","templated":true}]}}