{"id":1669,"date":"2022-06-06T01:27:23","date_gmt":"2022-06-06T01:27:23","guid":{"rendered":"http:\/\/webservicesgt.com\/?page_id=1669"},"modified":"2023-03-16T12:12:59","modified_gmt":"2023-03-16T18:12:59","slug":"mariana-lopez-de-lara","status":"publish","type":"page","link":"https:\/\/grupoonyx.com.gt\/en\/mariana-lopez-de-lara\/","title":{"rendered":"Mariana L\u00f3pez de Lara"},"content":{"rendered":"\t\t<div data-elementor-type=\"wp-page\" data-elementor-id=\"1669\" class=\"elementor elementor-1669\" data-elementor-post-type=\"page\">\n\t\t\t\t\t\t<section class=\"elementor-section elementor-top-section elementor-element elementor-element-d9e029e elementor-section-boxed elementor-section-height-default elementor-section-height-default\" data-id=\"d9e029e\" data-element_type=\"section\" data-settings=\"{&quot;background_background&quot;:&quot;classic&quot;,&quot;jet_parallax_layout_list&quot;:[],&quot;shape_divider_top&quot;:&quot;triangle-asymmetrical&quot;}\">\n\t\t\t\t\t<div class=\"elementor-shape elementor-shape-top\" aria-hidden=\"true\" data-negative=\"false\">\n\t\t\t<svg xmlns=\"http:\/\/www.w3.org\/2000\/svg\" viewBox=\"0 0 1000 100\" preserveAspectRatio=\"none\">\n\t<path class=\"elementor-shape-fill\" d=\"M738,99l262-93V0H0v5.6L738,99z\"\/>\n<\/svg>\t\t<\/div>\n\t\t\t\t\t<div class=\"elementor-container elementor-column-gap-no\">\n\t\t\t\t\t<div class=\"elementor-column elementor-col-100 elementor-top-column elementor-element elementor-element-958122f elementor-invisible\" data-id=\"958122f\" data-element_type=\"column\" data-settings=\"{&quot;background_background&quot;:&quot;classic&quot;,&quot;animation&quot;:&quot;fadeInUp&quot;}\">\n\t\t\t<div class=\"elementor-widget-wrap elementor-element-populated\">\n\t\t\t\t\t\t<section class=\"elementor-section elementor-inner-section elementor-element elementor-element-b01bebf elementor-section-full_width elementor-section-content-middle elementor-section-height-default elementor-section-height-default\" data-id=\"b01bebf\" data-element_type=\"section\" data-settings=\"{&quot;jet_parallax_layout_list&quot;:[]}\">\n\t\t\t\t\t\t<div class=\"elementor-container elementor-column-gap-no\">\n\t\t\t\t\t<div class=\"elementor-column elementor-col-50 elementor-inner-column elementor-element elementor-element-bd06533\" data-id=\"bd06533\" data-element_type=\"column\">\n\t\t\t<div class=\"elementor-widget-wrap elementor-element-populated\">\n\t\t\t\t\t\t<div class=\"elementor-element elementor-element-15f4203 elementor-widget elementor-widget-heading\" data-id=\"15f4203\" data-element_type=\"widget\" data-widget_type=\"heading.default\">\n\t\t\t\t<div class=\"elementor-widget-container\">\n\t\t\t\t\t<h1 class=\"elementor-heading-title elementor-size-default\">Mariana <\/br>\nL\u00f3pez de Lara<\/h1>\t\t\t\t<\/div>\n\t\t\t\t<\/div>\n\t\t\t\t<div class=\"elementor-element elementor-element-c551aad elementor-widget elementor-widget-text-editor\" data-id=\"c551aad\" data-element_type=\"widget\" data-widget_type=\"text-editor.default\">\n\t\t\t\t<div class=\"elementor-widget-container\">\n\t\t\t\t\t\t\t\t\t<p>Member of the Board of Directors of Grupo Onyx<\/p>\t\t\t\t\t\t\t\t<\/div>\n\t\t\t\t<\/div>\n\t\t\t\t\t<\/div>\n\t\t<\/div>\n\t\t\t\t<div class=\"elementor-column elementor-col-50 elementor-inner-column elementor-element elementor-element-e089666\" data-id=\"e089666\" data-element_type=\"column\">\n\t\t\t<div class=\"elementor-widget-wrap elementor-element-populated\">\n\t\t\t\t\t\t<div class=\"elementor-element elementor-element-394ea03 elementor-widget elementor-widget-image\" data-id=\"394ea03\" data-element_type=\"widget\" data-widget_type=\"image.default\">\n\t\t\t\t<div class=\"elementor-widget-container\">\n\t\t\t\t\t\t\t\t\t\t\t\t\t\t\t<img fetchpriority=\"high\" decoding=\"async\" width=\"753\" height=\"611\" src=\"https:\/\/grupoonyx.com.gt\/wp-content\/uploads\/2022\/06\/Lara-provisional.png\" class=\"attachment-full size-full wp-image-1527\" alt=\"\" srcset=\"https:\/\/grupoonyx.com.gt\/wp-content\/uploads\/2022\/06\/Lara-provisional.png 753w, https:\/\/grupoonyx.com.gt\/wp-content\/uploads\/2022\/06\/Lara-provisional-300x243.png 300w\" sizes=\"(max-width: 753px) 100vw, 753px\" \/>\t\t\t\t\t\t\t\t\t\t\t\t\t\t\t<\/div>\n\t\t\t\t<\/div>\n\t\t\t\t\t<\/div>\n\t\t<\/div>\n\t\t\t\t\t<\/div>\n\t\t<\/section>\n\t\t\t\t\t<\/div>\n\t\t<\/div>\n\t\t\t\t\t<\/div>\n\t\t<\/section>\n\t\t\t\t<section class=\"elementor-section elementor-top-section elementor-element elementor-element-10d922d elementor-section-content-middle elementor-section-boxed elementor-section-height-default elementor-section-height-default\" data-id=\"10d922d\" data-element_type=\"section\" data-settings=\"{&quot;jet_parallax_layout_list&quot;:[],&quot;background_background&quot;:&quot;classic&quot;}\">\n\t\t\t\t\t\t<div class=\"elementor-container elementor-column-gap-no\">\n\t\t\t\t\t<div class=\"elementor-column elementor-col-100 elementor-top-column elementor-element elementor-element-b1c789c\" data-id=\"b1c789c\" data-element_type=\"column\">\n\t\t\t<div class=\"elementor-widget-wrap elementor-element-populated\">\n\t\t\t\t\t\t<section class=\"elementor-section elementor-inner-section elementor-element elementor-element-344b9b2 elementor-section-boxed elementor-section-height-default elementor-section-height-default\" data-id=\"344b9b2\" data-element_type=\"section\" data-settings=\"{&quot;jet_parallax_layout_list&quot;:[]}\">\n\t\t\t\t\t\t<div class=\"elementor-container elementor-column-gap-default\">\n\t\t\t\t\t<div class=\"elementor-column elementor-col-100 elementor-inner-column elementor-element elementor-element-3a1b217\" data-id=\"3a1b217\" data-element_type=\"column\">\n\t\t\t<div class=\"elementor-widget-wrap elementor-element-populated\">\n\t\t\t\t\t\t<div class=\"elementor-element elementor-element-285a544 elementor-widget elementor-widget-text-editor\" data-id=\"285a544\" data-element_type=\"widget\" data-widget_type=\"text-editor.default\">\n\t\t\t\t<div class=\"elementor-widget-container\">\n\t\t\t\t\t\t\t\t\t<p>Mariana L\u00f3pez de Lara is a member of the Board of Directors of Grupo Onyx, which was founded by her father Mario L\u00f3pez Estrada in 1967. Grupo Onyx is one of the most important business groups in the country and focuses on direct investments, renewable energy generation, distribution of consumer products, digital services, and commercial and industrial real estate development in Guatemala and Paraguay. Ms. L\u00f3pez de Lara is also an active member of the investment committee of the family\u2019s liquid portfolio.<\/p><p>Ms. L\u00f3pez de Lara is a founding member of the Mario L\u00f3pez Estrada Foundation, the social arm of the business group, where she is actively involved in decision-making. The main purpose of the Foundation is to support health, education, and transparency projects throughout the country.<\/p><p>Ms. L\u00f3pez de Lara has also been involved with other social organizations, in particular she served as president of the board of trustees of Fundaci\u00f3n Ay\u00fadame a Vivir (AYUVI) from 2018-2021. AYUVI is a non-profit organization that supports and finances the treatment of children with cancer in Guatemala.<\/p><p>She is also serving her second term as an elected member of the Board of Trustees of the University of Richmond in Virginia (2017-2020 and 2020-2023).<\/p><p>Earlier in her career, Ms. L\u00f3pez de Lara served as Director of Management of a magazine published by the Association of Managers of Guatemala (1990-1991) and as Director of NEXUS (1992-1995), an enterprise dedicated to the sale of construction materials for high-quality buildings.<\/p><p>Ms. L\u00f3pez de Lara graduated Magna Cum Laude with degrees in Economics and Business Administration from the Francisco Marroqu\u00edn University of Guatemala. She lives in Guatemala with her husband Juan Carlos Lara and they have three children.<\/p>\t\t\t\t\t\t\t\t<\/div>\n\t\t\t\t<\/div>\n\t\t\t\t\t<\/div>\n\t\t<\/div>\n\t\t\t\t\t<\/div>\n\t\t<\/section>\n\t\t\t\t\t<\/div>\n\t\t<\/div>\n\t\t\t\t\t<\/div>\n\t\t<\/section>\n\t\t\t\t<\/div>\n\t\t","protected":false},"excerpt":{"rendered":"<p>Mariana L\u00f3pez de Lara Member of the Board of Directors of Grupo Onyx Mariana L\u00f3pez de Lara is a member of the Board of Directors of Grupo Onyx, which was founded by her father Mario L\u00f3pez Estrada in 1967. Grupo Onyx is one of the most important business groups in the country and focuses on [&hellip;]<\/p>\n","protected":false},"author":3,"featured_media":0,"parent":0,"menu_order":2,"comment_status":"closed","ping_status":"closed","template":"","meta":{"_acf_changed":false,"footnotes":""},"class_list":["post-1669","page","type-page","status-publish","hentry"],"acf":[],"_links":{"self":[{"href":"https:\/\/grupoonyx.com.gt\/en\/wp-json\/wp\/v2\/pages\/1669","targetHints":{"allow":["GET"]}}],"collection":[{"href":"https:\/\/grupoonyx.com.gt\/en\/wp-json\/wp\/v2\/pages"}],"about":[{"href":"https:\/\/grupoonyx.com.gt\/en\/wp-json\/wp\/v2\/types\/page"}],"author":[{"embeddable":true,"href":"https:\/\/grupoonyx.com.gt\/en\/wp-json\/wp\/v2\/users\/3"}],"replies":[{"embeddable":true,"href":"https:\/\/grupoonyx.com.gt\/en\/wp-json\/wp\/v2\/comments?post=1669"}],"version-history":[{"count":31,"href":"https:\/\/grupoonyx.com.gt\/en\/wp-json\/wp\/v2\/pages\/1669\/revisions"}],"predecessor-version":[{"id":5457,"href":"https:\/\/grupoonyx.com.gt\/en\/wp-json\/wp\/v2\/pages\/1669\/revisions\/5457"}],"wp:attachment":[{"href":"https:\/\/grupoonyx.com.gt\/en\/wp-json\/wp\/v2\/media?parent=1669"}],"curies":[{"name":"wp","href":"https:\/\/api.w.org\/{rel}","templated":true}]}}