{"id":1680,"date":"2022-06-06T01:29:09","date_gmt":"2022-06-06T01:29:09","guid":{"rendered":"http:\/\/webservicesgt.com\/?page_id=1680"},"modified":"2023-03-16T12:06:17","modified_gmt":"2023-03-16T18:06:17","slug":"gabriela-lopez-perez","status":"publish","type":"page","link":"https:\/\/grupoonyx.com.gt\/en\/gabriela-lopez-perez\/","title":{"rendered":"Gabriela L\u00f3pez P\u00e9rez"},"content":{"rendered":"\t\t<div data-elementor-type=\"wp-page\" data-elementor-id=\"1680\" class=\"elementor elementor-1680\" data-elementor-post-type=\"page\">\n\t\t\t\t\t\t<section class=\"elementor-section elementor-top-section elementor-element elementor-element-deb456a elementor-section-boxed elementor-section-height-default elementor-section-height-default\" data-id=\"deb456a\" data-element_type=\"section\" data-settings=\"{&quot;background_background&quot;:&quot;classic&quot;,&quot;jet_parallax_layout_list&quot;:[],&quot;shape_divider_top&quot;:&quot;triangle-asymmetrical&quot;}\">\n\t\t\t\t\t<div class=\"elementor-shape elementor-shape-top\" aria-hidden=\"true\" data-negative=\"false\">\n\t\t\t<svg xmlns=\"http:\/\/www.w3.org\/2000\/svg\" viewBox=\"0 0 1000 100\" preserveAspectRatio=\"none\">\n\t<path class=\"elementor-shape-fill\" d=\"M738,99l262-93V0H0v5.6L738,99z\"\/>\n<\/svg>\t\t<\/div>\n\t\t\t\t\t<div class=\"elementor-container elementor-column-gap-no\">\n\t\t\t\t\t<div class=\"elementor-column elementor-col-100 elementor-top-column elementor-element elementor-element-3370b47 elementor-invisible\" data-id=\"3370b47\" data-element_type=\"column\" data-settings=\"{&quot;background_background&quot;:&quot;classic&quot;,&quot;animation&quot;:&quot;fadeInUp&quot;}\">\n\t\t\t<div class=\"elementor-widget-wrap elementor-element-populated\">\n\t\t\t\t\t\t<section class=\"elementor-section elementor-inner-section elementor-element elementor-element-2e72718 elementor-section-full_width elementor-section-content-middle elementor-section-height-default elementor-section-height-default\" data-id=\"2e72718\" data-element_type=\"section\" data-settings=\"{&quot;jet_parallax_layout_list&quot;:[]}\">\n\t\t\t\t\t\t<div class=\"elementor-container elementor-column-gap-no\">\n\t\t\t\t\t<div class=\"elementor-column elementor-col-50 elementor-inner-column elementor-element elementor-element-7e46f6c\" data-id=\"7e46f6c\" data-element_type=\"column\">\n\t\t\t<div class=\"elementor-widget-wrap elementor-element-populated\">\n\t\t\t\t\t\t<div class=\"elementor-element elementor-element-1ae6389 elementor-widget elementor-widget-heading\" data-id=\"1ae6389\" data-element_type=\"widget\" data-widget_type=\"heading.default\">\n\t\t\t\t<div class=\"elementor-widget-container\">\n\t\t\t\t\t<h1 class=\"elementor-heading-title elementor-size-default\">Gabriela L\u00f3pez P\u00e9rez<\/h1>\t\t\t\t<\/div>\n\t\t\t\t<\/div>\n\t\t\t\t<div class=\"elementor-element elementor-element-61aa900 elementor-widget elementor-widget-text-editor\" data-id=\"61aa900\" data-element_type=\"widget\" data-widget_type=\"text-editor.default\">\n\t\t\t\t<div class=\"elementor-widget-container\">\n\t\t\t\t\t\t\t\t\t<p>Member of the Board of Directors of Grupo Onyx<\/p>\t\t\t\t\t\t\t\t<\/div>\n\t\t\t\t<\/div>\n\t\t\t\t\t<\/div>\n\t\t<\/div>\n\t\t\t\t<div class=\"elementor-column elementor-col-50 elementor-inner-column elementor-element elementor-element-3621349\" data-id=\"3621349\" data-element_type=\"column\">\n\t\t\t<div class=\"elementor-widget-wrap elementor-element-populated\">\n\t\t\t\t\t\t<div class=\"elementor-element elementor-element-7833325 elementor-widget elementor-widget-image\" data-id=\"7833325\" data-element_type=\"widget\" data-widget_type=\"image.default\">\n\t\t\t\t<div class=\"elementor-widget-container\">\n\t\t\t\t\t\t\t\t\t\t\t\t\t\t\t<img fetchpriority=\"high\" decoding=\"async\" width=\"557\" height=\"417\" src=\"https:\/\/grupoonyx.com.gt\/wp-content\/uploads\/2022\/06\/Gabriela-Lara-provisional.png\" class=\"attachment-full size-full wp-image-1525\" alt=\"\" srcset=\"https:\/\/grupoonyx.com.gt\/wp-content\/uploads\/2022\/06\/Gabriela-Lara-provisional.png 557w, https:\/\/grupoonyx.com.gt\/wp-content\/uploads\/2022\/06\/Gabriela-Lara-provisional-300x225.png 300w\" sizes=\"(max-width: 557px) 100vw, 557px\" \/>\t\t\t\t\t\t\t\t\t\t\t\t\t\t\t<\/div>\n\t\t\t\t<\/div>\n\t\t\t\t\t<\/div>\n\t\t<\/div>\n\t\t\t\t\t<\/div>\n\t\t<\/section>\n\t\t\t\t\t<\/div>\n\t\t<\/div>\n\t\t\t\t\t<\/div>\n\t\t<\/section>\n\t\t\t\t<section class=\"elementor-section elementor-top-section elementor-element elementor-element-5bf3255 elementor-section-content-middle elementor-section-boxed elementor-section-height-default elementor-section-height-default\" data-id=\"5bf3255\" data-element_type=\"section\" data-settings=\"{&quot;jet_parallax_layout_list&quot;:[],&quot;background_background&quot;:&quot;classic&quot;}\">\n\t\t\t\t\t\t<div class=\"elementor-container elementor-column-gap-no\">\n\t\t\t\t\t<div class=\"elementor-column elementor-col-100 elementor-top-column elementor-element elementor-element-f52d804\" data-id=\"f52d804\" data-element_type=\"column\">\n\t\t\t<div class=\"elementor-widget-wrap elementor-element-populated\">\n\t\t\t\t\t\t<section class=\"elementor-section elementor-inner-section elementor-element elementor-element-6edb338 elementor-section-boxed elementor-section-height-default elementor-section-height-default\" data-id=\"6edb338\" data-element_type=\"section\" data-settings=\"{&quot;jet_parallax_layout_list&quot;:[]}\">\n\t\t\t\t\t\t<div class=\"elementor-container elementor-column-gap-default\">\n\t\t\t\t\t<div class=\"elementor-column elementor-col-100 elementor-inner-column elementor-element elementor-element-421271b\" data-id=\"421271b\" data-element_type=\"column\">\n\t\t\t<div class=\"elementor-widget-wrap elementor-element-populated\">\n\t\t\t\t\t\t<div class=\"elementor-element elementor-element-c0fec5d elementor-widget elementor-widget-text-editor\" data-id=\"c0fec5d\" data-element_type=\"widget\" data-widget_type=\"text-editor.default\">\n\t\t\t\t<div class=\"elementor-widget-container\">\n\t\t\t\t\t\t\t\t\t<p>Ms. Gabriela L\u00f3pez is a member of the Board of Directors of Grupo Onyx, a consortium of Guatemalan companies which was founded in 1967 when her father, engineer Mario L\u00f3pez Estrada, began operations of the group with the development and construction of popular housing projects and rural roads. The business group currently has a diversified portfolio of direct investments in renewable energy generation, distribution of consumer products, digital services, and commercial and industrial real estate development in Guatemala and Paraguay. Gabriela L\u00f3pez is also part of the investment committee of the family\u2019s liquid portfolio.<\/p><p>She has actively participated in the social responsibility activities of the corporate group, which have been carried out through the Mario L\u00f3pez Estrada Foundation and other institutions to which the group has belonged.\u00a0 More than $50 million has been invested to date, including in health, education, transparency, and women\u2019s empowerment programs, positively impacting the lives of thousands of women and children in the most vulnerable parts of Guatemala.<\/p><p>She has also been actively involved in other non-profit social organizations, including the Ay\u00fadame a Vivir Foundation (AYUVI), which contributes to the financing of the National Hospital for Children with Cancer. She served as alternate president and alternate vice president of the organization from 2018 to 2021. She also served on the Board of Directors of the Mayan Cultural and Natural Heritage Foundation (PACUNAM), which is committed to the protection, preservation, and rescue of the cultural and natural heritage in the Maya Biosphere Reserve. PACUNAM projects include the construction of schools in Mayan indigenous communities.<\/p><p>Ms. L\u00f3pez has worked with her mother, Ana Mar\u00eda P\u00e9rez Bosch de L\u00f3pez, as a service volunteer with the Catholic Church, which supports thousands of minors who live in the vicinity of Guatemala\u2019s municipal garbage dump.<\/p><p>She holds a degree in Marketing from Rafael Land\u00edvar University in Guatemala.<\/p>\t\t\t\t\t\t\t\t<\/div>\n\t\t\t\t<\/div>\n\t\t\t\t\t<\/div>\n\t\t<\/div>\n\t\t\t\t\t<\/div>\n\t\t<\/section>\n\t\t\t\t\t<\/div>\n\t\t<\/div>\n\t\t\t\t\t<\/div>\n\t\t<\/section>\n\t\t\t\t<\/div>\n\t\t","protected":false},"excerpt":{"rendered":"<p>Gabriela L\u00f3pez P\u00e9rez Member of the Board of Directors of Grupo Onyx Ms. Gabriela L\u00f3pez is a member of the Board of Directors of Grupo Onyx, a consortium of Guatemalan companies which was founded in 1967 when her father, engineer Mario L\u00f3pez Estrada, began operations of the group with the development and construction of popular [&hellip;]<\/p>\n","protected":false},"author":3,"featured_media":0,"parent":0,"menu_order":2,"comment_status":"closed","ping_status":"closed","template":"","meta":{"_acf_changed":false,"footnotes":""},"class_list":["post-1680","page","type-page","status-publish","hentry"],"acf":[],"_links":{"self":[{"href":"https:\/\/grupoonyx.com.gt\/en\/wp-json\/wp\/v2\/pages\/1680","targetHints":{"allow":["GET"]}}],"collection":[{"href":"https:\/\/grupoonyx.com.gt\/en\/wp-json\/wp\/v2\/pages"}],"about":[{"href":"https:\/\/grupoonyx.com.gt\/en\/wp-json\/wp\/v2\/types\/page"}],"author":[{"embeddable":true,"href":"https:\/\/grupoonyx.com.gt\/en\/wp-json\/wp\/v2\/users\/3"}],"replies":[{"embeddable":true,"href":"https:\/\/grupoonyx.com.gt\/en\/wp-json\/wp\/v2\/comments?post=1680"}],"version-history":[{"count":31,"href":"https:\/\/grupoonyx.com.gt\/en\/wp-json\/wp\/v2\/pages\/1680\/revisions"}],"predecessor-version":[{"id":5453,"href":"https:\/\/grupoonyx.com.gt\/en\/wp-json\/wp\/v2\/pages\/1680\/revisions\/5453"}],"wp:attachment":[{"href":"https:\/\/grupoonyx.com.gt\/en\/wp-json\/wp\/v2\/media?parent=1680"}],"curies":[{"name":"wp","href":"https:\/\/api.w.org\/{rel}","templated":true}]}}