{"id":4796,"date":"2022-04-28T13:49:08","date_gmt":"2022-04-28T19:49:08","guid":{"rendered":"http:\/\/webservicesgt.com\/news\/"},"modified":"2022-11-17T16:58:04","modified_gmt":"2022-11-17T22:58:04","slug":"news","status":"publish","type":"page","link":"https:\/\/grupoonyx.com.gt\/en\/news\/","title":{"rendered":"News"},"content":{"rendered":"\t\t<div data-elementor-type=\"wp-page\" data-elementor-id=\"4796\" class=\"elementor elementor-4796 elementor-1070\" data-elementor-post-type=\"page\">\n\t\t\t\t\t\t<section class=\"elementor-section elementor-top-section elementor-element elementor-element-624c4cb elementor-section-boxed elementor-section-height-default elementor-section-height-default\" data-id=\"624c4cb\" data-element_type=\"section\" data-settings=\"{&quot;background_background&quot;:&quot;classic&quot;,&quot;jet_parallax_layout_list&quot;:[],&quot;shape_divider_top&quot;:&quot;triangle-asymmetrical&quot;}\">\n\t\t\t\t\t<div class=\"elementor-shape elementor-shape-top\" aria-hidden=\"true\" data-negative=\"false\">\n\t\t\t<svg xmlns=\"http:\/\/www.w3.org\/2000\/svg\" viewBox=\"0 0 1000 100\" preserveAspectRatio=\"none\">\n\t<path class=\"elementor-shape-fill\" d=\"M738,99l262-93V0H0v5.6L738,99z\"\/>\n<\/svg>\t\t<\/div>\n\t\t\t\t\t<div class=\"elementor-container elementor-column-gap-no\">\n\t\t\t\t\t<div class=\"elementor-column elementor-col-100 elementor-top-column elementor-element elementor-element-ce8e682 elementor-invisible\" data-id=\"ce8e682\" data-element_type=\"column\" data-settings=\"{&quot;background_background&quot;:&quot;classic&quot;,&quot;animation&quot;:&quot;fadeInUp&quot;}\">\n\t\t\t<div class=\"elementor-widget-wrap elementor-element-populated\">\n\t\t\t\t\t\t<div class=\"elementor-element elementor-element-e834668 elementor-widget elementor-widget-heading\" data-id=\"e834668\" data-element_type=\"widget\" data-widget_type=\"heading.default\">\n\t\t\t\t<div class=\"elementor-widget-container\">\n\t\t\t\t\t<h1 class=\"elementor-heading-title elementor-size-default\">News<\/h1>\t\t\t\t<\/div>\n\t\t\t\t<\/div>\n\t\t\t\t\t<\/div>\n\t\t<\/div>\n\t\t\t\t\t<\/div>\n\t\t<\/section>\n\t\t\t\t<section class=\"elementor-section elementor-top-section elementor-element elementor-element-4f9d6b9 elementor-section-boxed elementor-section-height-default elementor-section-height-default\" data-id=\"4f9d6b9\" data-element_type=\"section\" data-settings=\"{&quot;jet_parallax_layout_list&quot;:[],&quot;background_background&quot;:&quot;classic&quot;}\">\n\t\t\t\t\t\t<div class=\"elementor-container elementor-column-gap-no\">\n\t\t\t\t\t<div class=\"elementor-column elementor-col-100 elementor-top-column elementor-element elementor-element-a2b7398\" data-id=\"a2b7398\" data-element_type=\"column\">\n\t\t\t<div class=\"elementor-widget-wrap\">\n\t\t\t\t\t\t\t<\/div>\n\t\t<\/div>\n\t\t\t\t\t<\/div>\n\t\t<\/section>\n\t\t\t\t<section class=\"elementor-section elementor-top-section elementor-element elementor-element-0d3d41b elementor-section-boxed elementor-section-height-default elementor-section-height-default\" data-id=\"0d3d41b\" data-element_type=\"section\" data-settings=\"{&quot;jet_parallax_layout_list&quot;:[],&quot;background_background&quot;:&quot;classic&quot;}\">\n\t\t\t\t\t\t<div class=\"elementor-container elementor-column-gap-default\">\n\t\t\t\t\t<div class=\"elementor-column elementor-col-100 elementor-top-column elementor-element elementor-element-fe2948b\" data-id=\"fe2948b\" data-element_type=\"column\">\n\t\t\t<div class=\"elementor-widget-wrap\">\n\t\t\t\t\t\t\t<\/div>\n\t\t<\/div>\n\t\t\t\t\t<\/div>\n\t\t<\/section>\n\t\t\t\t<\/div>\n\t\t","protected":false},"excerpt":{"rendered":"<p>News El CEO de Grupo Onyx, Mario L\u00f3pez P\u00e9rez, enumer\u00f3 las oportuidades y retos para la inversi\u00f3n en Guatemala, durante la segunda jornada de actividades del Foro Forbes en Espa\u00f1ol. Ago 28, 2022 Horus Energy Lanza Programa Energ\u00eda en tus Estudios Ago 19, 2022 La Secretaria Nacional de la SENACYT, Se\u00f1ora Ana Chan, realiz\u00f3 una [&hellip;]<\/p>\n","protected":false},"author":1,"featured_media":0,"parent":0,"menu_order":4,"comment_status":"closed","ping_status":"closed","template":"","meta":{"_acf_changed":false,"footnotes":""},"class_list":["post-4796","page","type-page","status-publish","hentry"],"acf":[],"_links":{"self":[{"href":"https:\/\/grupoonyx.com.gt\/en\/wp-json\/wp\/v2\/pages\/4796","targetHints":{"allow":["GET"]}}],"collection":[{"href":"https:\/\/grupoonyx.com.gt\/en\/wp-json\/wp\/v2\/pages"}],"about":[{"href":"https:\/\/grupoonyx.com.gt\/en\/wp-json\/wp\/v2\/types\/page"}],"author":[{"embeddable":true,"href":"https:\/\/grupoonyx.com.gt\/en\/wp-json\/wp\/v2\/users\/1"}],"replies":[{"embeddable":true,"href":"https:\/\/grupoonyx.com.gt\/en\/wp-json\/wp\/v2\/comments?post=4796"}],"version-history":[{"count":12,"href":"https:\/\/grupoonyx.com.gt\/en\/wp-json\/wp\/v2\/pages\/4796\/revisions"}],"predecessor-version":[{"id":4828,"href":"https:\/\/grupoonyx.com.gt\/en\/wp-json\/wp\/v2\/pages\/4796\/revisions\/4828"}],"wp:attachment":[{"href":"https:\/\/grupoonyx.com.gt\/en\/wp-json\/wp\/v2\/media?parent=4796"}],"curies":[{"name":"wp","href":"https:\/\/api.w.org\/{rel}","templated":true}]}}